{"id":140,"date":"2018-03-20T07:50:41","date_gmt":"2018-03-20T06:50:41","guid":{"rendered":"http:\/\/valrafting.fr\/wp\/contact\/"},"modified":"2024-04-12T10:31:14","modified_gmt":"2024-04-12T08:31:14","slug":"contact","status":"publish","type":"page","link":"https:\/\/valrafting.fr\/en\/contact\/","title":{"rendered":"Contact"},"content":{"rendered":"<p>[vc_row content_width=&#8221;grid&#8221; el_class=&#8221;regularpadding&#8221;][vc_column css=&#8221;.vc_custom_1521624210834{padding-right: 9% !important;}&#8221; offset=&#8221;vc_col-lg-6 vc_col-md-6&#8243;]\n<div class=\"edgtf-section-title edgtf-section-align-left\" >\n\tContact us\t<\/div>\n<span class=\"edgtf-section-subtitle \" style=\"text-align:left\">\n\t\tFor all your enquiries, you can contact us by telephone or using the enclosed form.\t<\/span>[vc_empty_space height=&#8221;24px&#8221;]<div class=\"edgtf-icon-list-item\">\n\t<div class=\"edgtf-icon-list-icon-holder\">\n        <div class=\"edgtf-icon-list-icon-holder-inner clearfix\">\n\t\t\t<i class=\"edgtf-icon-font-awesome fa fa-map-marker \" style=\"color:#6ba9dc;font-size:15px\" ><\/i>\t\t<\/div>\n\t<\/div>\n\t<p class=\"edgtf-icon-list-text\" style=\"color:#505050;font-size:15px\" > Base de loisirs du marais 73210 Aime la Plagne<\/p>\n<\/div>[vc_empty_space height=&#8221;6px&#8221;]<div class=\"edgtf-icon-list-item\">\n\t<div class=\"edgtf-icon-list-icon-holder\">\n        <div class=\"edgtf-icon-list-icon-holder-inner clearfix\">\n\t\t\t<i class=\"edgtf-icon-font-awesome fa fa-phone \" style=\"color:#6ba9dc;font-size:15px\" ><\/i>\t\t<\/div>\n\t<\/div>\n\t<p class=\"edgtf-icon-list-text\" style=\"color:#505050;font-size:15px\" > +33 6 49 31 70 45<\/p>\n<\/div>[vc_empty_space height=&#8221;6px&#8221;]<div class=\"edgtf-icon-list-item\">\n\t<div class=\"edgtf-icon-list-icon-holder\">\n        <div class=\"edgtf-icon-list-icon-holder-inner clearfix\">\n\t\t\t<i class=\"edgtf-icon-font-awesome fa fa-envelope \" style=\"color:#6ba9dc;font-size:15px\" ><\/i>\t\t<\/div>\n\t<\/div>\n\t<p class=\"edgtf-icon-list-text\" style=\"color:#505050;font-size:15px\" > info@valrafting.fr<\/p>\n<\/div>[\/vc_column][vc_column offset=&#8221;vc_col-lg-6 vc_col-md-6&#8243; el_class=&#8221;secondbloc&#8221;]\n<div class=\"wpcf7 no-js\" id=\"wpcf7-f1606-o1\" lang=\"fr-FR\" dir=\"ltr\">\n<div class=\"screen-reader-response\"><p role=\"status\" aria-live=\"polite\" aria-atomic=\"true\"><\/p> <ul><\/ul><\/div>\n<form action=\"\/en\/wp-json\/wp\/v2\/pages\/140#wpcf7-f1606-o1\" method=\"post\" class=\"wpcf7-form init cf7_custom_style_1\" aria-label=\"Formulaire de contact\" novalidate=\"novalidate\" data-status=\"init\">\n<div style=\"display: none;\">\n<input type=\"hidden\" name=\"_wpcf7\" value=\"1606\" \/>\n<input type=\"hidden\" name=\"_wpcf7_version\" value=\"5.9.8\" \/>\n<input type=\"hidden\" name=\"_wpcf7_locale\" value=\"fr_FR\" \/>\n<input type=\"hidden\" name=\"_wpcf7_unit_tag\" value=\"wpcf7-f1606-o1\" \/>\n<input type=\"hidden\" name=\"_wpcf7_container_post\" value=\"0\" \/>\n<input type=\"hidden\" name=\"_wpcf7_posted_data_hash\" value=\"\" \/>\n<input type=\"hidden\" name=\"_wpcf7_recaptcha_response\" value=\"\" \/>\n<\/div>\n<p><span class=\"wpcf7-form-control-wrap\" data-name=\"your-name\"><input size=\"40\" maxlength=\"400\" class=\"wpcf7-form-control wpcf7-text wpcf7-validates-as-required\" aria-required=\"true\" aria-invalid=\"false\" placeholder=\"Name\" value=\"\" type=\"text\" name=\"your-name\" \/><\/span><br \/>\n<span class=\"wpcf7-form-control-wrap\" data-name=\"your-email\"><input size=\"40\" maxlength=\"400\" class=\"wpcf7-form-control wpcf7-email wpcf7-validates-as-required wpcf7-text wpcf7-validates-as-email\" aria-required=\"true\" aria-invalid=\"false\" placeholder=\"E-mail\" value=\"\" type=\"email\" name=\"your-email\" \/><\/span><br \/>\n<span class=\"wpcf7-form-control-wrap\" data-name=\"your-tel\"><input size=\"40\" maxlength=\"400\" class=\"wpcf7-form-control wpcf7-text wpcf7-validates-as-required\" aria-required=\"true\" aria-invalid=\"false\" placeholder=\"Phone\" value=\"\" type=\"text\" name=\"your-tel\" \/><\/span><br \/>\n<span class=\"wpcf7-form-control-wrap\" data-name=\"your-subject\"><input size=\"40\" maxlength=\"400\" class=\"wpcf7-form-control wpcf7-text wpcf7-validates-as-required\" aria-required=\"true\" aria-invalid=\"false\" placeholder=\"Subject\" value=\"\" type=\"text\" name=\"your-subject\" \/><\/span><br \/>\n<span class=\"wpcf7-form-control-wrap\" data-name=\"your-message\"><textarea cols=\"40\" rows=\"10\" maxlength=\"2000\" class=\"wpcf7-form-control wpcf7-textarea\" aria-invalid=\"false\" placeholder=\"Message\" name=\"your-message\"><\/textarea><\/span><br \/>\n<br \/>\n<input class=\"wpcf7-form-control wpcf7-submit has-spinner\" type=\"submit\" value=\"Send\" \/>\n<\/p><div class=\"wpcf7-response-output\" aria-hidden=\"true\"><\/div>\n<\/form>\n<\/div>\n[\/vc_column][\/vc_row][vc_row][vc_column]<div data-edgtf-parallax-speed=\"-0.5\" class=\"vc_row wpb_row vc_row-fluid edgtf-section bluebloc boncadeau nopaddingbottom edgtf-content-aligment-left edgtf-parallax-section-holder edgtf-parallax-section-holder-touch-disabled lazyload\" style=\"background-image:inherit; background-position: 50% 24px;\" data-bg-image=\"url(https:\/\/valrafting.com\/wp\/wp-content\/uploads\/blue-plx-bck-2.jpg)\"><div class=\"clearfix edgtf-full-section-inner\"><div class=\"leftpaddingbloc wpb_column vc_column_container vc_col-sm-6\"><div class=\"vc_column-inner vc_custom_1521566410202\"><div class=\"wpb_wrapper\">\n\t<div class=\"wpb_text_column wpb_content_element \">\n\t\t<div class=\"wpb_wrapper\">\n\t\t\t<h2>Gift Vouchers<\/h2>\n\n\t\t<\/div>\n\t<\/div>\n\n<span class=\"edgtf-section-subtitle \" style=\"text-align:left; color:#ffffff\">The ultimate gift for your family, friends, loved one<\/span><div class=\"vc_empty_space\" style=\"height: 24px\"><span class=\"vc_empty_space_inner\"><\/span><\/div>\n\n\t<div class=\"wpb_text_column wpb_content_element \">\n\t\t<div class=\"wpb_wrapper\">\n\t\t\t<p>Our vouchers are valid for a year from the date of purchase. You can make a reservation by telephone or e-mail.<\/p>\n<p><a href=\"https:\/\/valrafting.fr\/en\/booking-and-gift-voucher\/\" target=\"_self\"><i class=\"fa fa-chevron-circle-right fa-lg\"><\/i> Buy a voucher<\/a><\/p>\n\n\t\t<\/div>\n\t<\/div>\n<\/div><\/div><\/div><div class=\"wpb_column vc_column_container vc_col-sm-6\"><div class=\"vc_column-inner \"><div class=\"wpb_wrapper\">\n\t<div class=\"wpb_single_image wpb_content_element vc_align_right\">\n\n\t\t<figure class=\"wpb_wrapper vc_figure\">\n\t\t\t<div class=\"vc_single_image-wrapper vc_box_border_grey\"><img decoding=\"async\" data-src=\"https:\/\/valrafting.com\/wp\/wp-content\/uploads\/bon-cadeau.gif\" class=\"vc_single_image-img attachment-full lazyload\" alt=\"\" width=\"1212\" height=\"723\" src=\"data:image\/svg+xml;base64,PHN2ZyB3aWR0aD0iMSIgaGVpZ2h0PSIxIiB4bWxucz0iaHR0cDovL3d3dy53My5vcmcvMjAwMC9zdmciPjwvc3ZnPg==\" style=\"--smush-placeholder-width: 1212px; --smush-placeholder-aspect-ratio: 1212\/723;\"><\/div>\n\t\t<\/figure>\n\t<\/div>\n<\/div><\/div><\/div><\/div><\/div>[\/vc_column][\/vc_row]<\/p>\n","protected":false},"excerpt":{"rendered":"<p>[vc_row content_width=&#8221;grid&#8221; el_class=&#8221;regularpadding&#8221;][vc_column css=&#8221;.vc_custom_1521624210834{padding-right: 9% !important;}&#8221; offset=&#8221;vc_col-lg-6 vc_col-md-6&#8243;][vc_empty_space height=&#8221;24px&#8221;][vc_empty_space height=&#8221;6px&#8221;][vc_empty_space height=&#8221;6px&#8221;][\/vc_column][vc_column offset=&#8221;vc_col-lg-6 vc_col-md-6&#8243; el_class=&#8221;secondbloc&#8221;][\/vc_column][\/vc_row][vc_row][vc_column][\/vc_column][\/vc_row]<\/p>\n","protected":false},"author":1,"featured_media":0,"parent":0,"menu_order":9,"comment_status":"closed","ping_status":"closed","template":"full-width.php","meta":{"_monsterinsights_skip_tracking":false,"_monsterinsights_sitenote_active":false,"_monsterinsights_sitenote_note":"","_monsterinsights_sitenote_category":0,"footnotes":""},"yoast_head":"<!-- This site is optimized with the Yoast SEO plugin v22.9 - https:\/\/yoast.com\/wordpress\/plugins\/seo\/ -->\n<title>Contact | Valrafting.fr<\/title>\n<meta name=\"description\" content=\"Rafting, kayak et canyoning \u00e0 Bourg-Saint-Maurice avec des guides experts. Activit\u00e9s sur mesure en eaux vives pour tous les niveaux. R\u00e9servez votre aventure.\" \/>\n<meta name=\"robots\" content=\"index, follow, max-snippet:-1, max-image-preview:large, max-video-preview:-1\" \/>\n<link rel=\"canonical\" href=\"https:\/\/valrafting.fr\/en\/contact\/\" \/>\n<meta property=\"og:locale\" content=\"en_US\" \/>\n<meta property=\"og:type\" content=\"article\" \/>\n<meta property=\"og:title\" content=\"Contact | Valrafting.fr\" \/>\n<meta property=\"og:description\" content=\"Rafting, kayak et canyoning \u00e0 Bourg-Saint-Maurice avec des guides experts. Activit\u00e9s sur mesure en eaux vives pour tous les niveaux. R\u00e9servez votre aventure.\" \/>\n<meta property=\"og:url\" content=\"https:\/\/valrafting.fr\/en\/contact\/\" \/>\n<meta property=\"og:site_name\" content=\"Valrafting.fr\" \/>\n<meta property=\"article:publisher\" content=\"https:\/\/www.facebook.com\/Valrafting-129739627083911\/\" \/>\n<meta property=\"article:modified_time\" content=\"2024-04-12T08:31:14+00:00\" \/>\n<meta property=\"og:image\" content=\"https:\/\/valrafting.fr\/wp\/wp-content\/uploads\/vr-logo.jpg\" \/>\n\t<meta property=\"og:image:width\" content=\"500\" \/>\n\t<meta property=\"og:image:height\" content=\"302\" \/>\n\t<meta property=\"og:image:type\" content=\"image\/jpeg\" \/>\n<meta name=\"twitter:card\" content=\"summary_large_image\" \/>\n<script type=\"application\/ld+json\" class=\"yoast-schema-graph\">{\"@context\":\"https:\/\/schema.org\",\"@graph\":[{\"@type\":\"WebPage\",\"@id\":\"https:\/\/valrafting.fr\/en\/contact\/\",\"url\":\"https:\/\/valrafting.fr\/en\/contact\/\",\"name\":\"Contact | Valrafting.fr\",\"isPartOf\":{\"@id\":\"https:\/\/valrafting.fr\/#website\"},\"datePublished\":\"2018-03-20T06:50:41+00:00\",\"dateModified\":\"2024-04-12T08:31:14+00:00\",\"description\":\"Rafting, kayak et canyoning \u00e0 Bourg-Saint-Maurice avec des guides experts. Activit\u00e9s sur mesure en eaux vives pour tous les niveaux. R\u00e9servez votre aventure.\",\"breadcrumb\":{\"@id\":\"https:\/\/valrafting.fr\/en\/contact\/#breadcrumb\"},\"inLanguage\":\"en-US\",\"potentialAction\":[{\"@type\":\"ReadAction\",\"target\":[\"https:\/\/valrafting.fr\/en\/contact\/\"]}]},{\"@type\":\"BreadcrumbList\",\"@id\":\"https:\/\/valrafting.fr\/en\/contact\/#breadcrumb\",\"itemListElement\":[{\"@type\":\"ListItem\",\"position\":1,\"name\":\"Accueil\",\"item\":\"https:\/\/valrafting.fr\/en\/\"},{\"@type\":\"ListItem\",\"position\":2,\"name\":\"Contact\"}]},{\"@type\":\"WebSite\",\"@id\":\"https:\/\/valrafting.fr\/#website\",\"url\":\"https:\/\/valrafting.fr\/\",\"name\":\"Valrafting.fr\",\"description\":\"Votre sp\u00e9cialiste en tourisme d\u2019aventures \u00e0 Aime la Plagne et Chamonix. Nous proposons du rafting rafting, du canyoning et de l&#039;hydrospeed. Le rafting annecy, proche du lac vous permet avec nos deux bases de pratiquer le rafting Is\u00e8re ou rafting Arve\",\"publisher\":{\"@id\":\"https:\/\/valrafting.fr\/#organization\"},\"potentialAction\":[{\"@type\":\"SearchAction\",\"target\":{\"@type\":\"EntryPoint\",\"urlTemplate\":\"https:\/\/valrafting.fr\/?s={search_term_string}\"},\"query-input\":\"required name=search_term_string\"}],\"inLanguage\":\"en-US\"},{\"@type\":\"Organization\",\"@id\":\"https:\/\/valrafting.fr\/#organization\",\"name\":\"Valrafting\",\"url\":\"https:\/\/valrafting.fr\/\",\"logo\":{\"@type\":\"ImageObject\",\"inLanguage\":\"en-US\",\"@id\":\"https:\/\/valrafting.fr\/#\/schema\/logo\/image\/\",\"url\":\"https:\/\/valrafting.fr\/wp\/wp-content\/uploads\/vr-logo.jpg\",\"contentUrl\":\"https:\/\/valrafting.fr\/wp\/wp-content\/uploads\/vr-logo.jpg\",\"width\":500,\"height\":302,\"caption\":\"Valrafting\"},\"image\":{\"@id\":\"https:\/\/valrafting.fr\/#\/schema\/logo\/image\/\"},\"sameAs\":[\"https:\/\/www.facebook.com\/Valrafting-129739627083911\/\"]}]}<\/script>\n<!-- \/ Yoast SEO plugin. -->","yoast_head_json":{"title":"Contact | Valrafting.fr","description":"Rafting, kayak et canyoning \u00e0 Bourg-Saint-Maurice avec des guides experts. Activit\u00e9s sur mesure en eaux vives pour tous les niveaux. R\u00e9servez votre aventure.","robots":{"index":"index","follow":"follow","max-snippet":"max-snippet:-1","max-image-preview":"max-image-preview:large","max-video-preview":"max-video-preview:-1"},"canonical":"https:\/\/valrafting.fr\/en\/contact\/","og_locale":"en_US","og_type":"article","og_title":"Contact | Valrafting.fr","og_description":"Rafting, kayak et canyoning \u00e0 Bourg-Saint-Maurice avec des guides experts. Activit\u00e9s sur mesure en eaux vives pour tous les niveaux. R\u00e9servez votre aventure.","og_url":"https:\/\/valrafting.fr\/en\/contact\/","og_site_name":"Valrafting.fr","article_publisher":"https:\/\/www.facebook.com\/Valrafting-129739627083911\/","article_modified_time":"2024-04-12T08:31:14+00:00","og_image":[{"width":500,"height":302,"url":"https:\/\/valrafting.fr\/wp\/wp-content\/uploads\/vr-logo.jpg","type":"image\/jpeg"}],"twitter_card":"summary_large_image","schema":{"@context":"https:\/\/schema.org","@graph":[{"@type":"WebPage","@id":"https:\/\/valrafting.fr\/en\/contact\/","url":"https:\/\/valrafting.fr\/en\/contact\/","name":"Contact | Valrafting.fr","isPartOf":{"@id":"https:\/\/valrafting.fr\/#website"},"datePublished":"2018-03-20T06:50:41+00:00","dateModified":"2024-04-12T08:31:14+00:00","description":"Rafting, kayak et canyoning \u00e0 Bourg-Saint-Maurice avec des guides experts. Activit\u00e9s sur mesure en eaux vives pour tous les niveaux. R\u00e9servez votre aventure.","breadcrumb":{"@id":"https:\/\/valrafting.fr\/en\/contact\/#breadcrumb"},"inLanguage":"en-US","potentialAction":[{"@type":"ReadAction","target":["https:\/\/valrafting.fr\/en\/contact\/"]}]},{"@type":"BreadcrumbList","@id":"https:\/\/valrafting.fr\/en\/contact\/#breadcrumb","itemListElement":[{"@type":"ListItem","position":1,"name":"Accueil","item":"https:\/\/valrafting.fr\/en\/"},{"@type":"ListItem","position":2,"name":"Contact"}]},{"@type":"WebSite","@id":"https:\/\/valrafting.fr\/#website","url":"https:\/\/valrafting.fr\/","name":"Valrafting.fr","description":"Votre sp\u00e9cialiste en tourisme d\u2019aventures \u00e0 Aime la Plagne et Chamonix. Nous proposons du rafting rafting, du canyoning et de l&#039;hydrospeed. Le rafting annecy, proche du lac vous permet avec nos deux bases de pratiquer le rafting Is\u00e8re ou rafting Arve","publisher":{"@id":"https:\/\/valrafting.fr\/#organization"},"potentialAction":[{"@type":"SearchAction","target":{"@type":"EntryPoint","urlTemplate":"https:\/\/valrafting.fr\/?s={search_term_string}"},"query-input":"required name=search_term_string"}],"inLanguage":"en-US"},{"@type":"Organization","@id":"https:\/\/valrafting.fr\/#organization","name":"Valrafting","url":"https:\/\/valrafting.fr\/","logo":{"@type":"ImageObject","inLanguage":"en-US","@id":"https:\/\/valrafting.fr\/#\/schema\/logo\/image\/","url":"https:\/\/valrafting.fr\/wp\/wp-content\/uploads\/vr-logo.jpg","contentUrl":"https:\/\/valrafting.fr\/wp\/wp-content\/uploads\/vr-logo.jpg","width":500,"height":302,"caption":"Valrafting"},"image":{"@id":"https:\/\/valrafting.fr\/#\/schema\/logo\/image\/"},"sameAs":["https:\/\/www.facebook.com\/Valrafting-129739627083911\/"]}]}},"_links":{"self":[{"href":"https:\/\/valrafting.fr\/en\/wp-json\/wp\/v2\/pages\/140"}],"collection":[{"href":"https:\/\/valrafting.fr\/en\/wp-json\/wp\/v2\/pages"}],"about":[{"href":"https:\/\/valrafting.fr\/en\/wp-json\/wp\/v2\/types\/page"}],"author":[{"embeddable":true,"href":"https:\/\/valrafting.fr\/en\/wp-json\/wp\/v2\/users\/1"}],"replies":[{"embeddable":true,"href":"https:\/\/valrafting.fr\/en\/wp-json\/wp\/v2\/comments?post=140"}],"version-history":[{"count":7,"href":"https:\/\/valrafting.fr\/en\/wp-json\/wp\/v2\/pages\/140\/revisions"}],"predecessor-version":[{"id":5240,"href":"https:\/\/valrafting.fr\/en\/wp-json\/wp\/v2\/pages\/140\/revisions\/5240"}],"wp:attachment":[{"href":"https:\/\/valrafting.fr\/en\/wp-json\/wp\/v2\/media?parent=140"}],"curies":[{"name":"wp","href":"https:\/\/api.w.org\/{rel}","templated":true}]}}