{"id":136,"date":"2018-03-20T07:49:39","date_gmt":"2018-03-20T06:49:39","guid":{"rendered":"http:\/\/valrafting.fr\/wp\/bons-cadeaux\/"},"modified":"2025-01-12T14:55:31","modified_gmt":"2025-01-12T13:55:31","slug":"booking-and-gift-voucher","status":"publish","type":"page","link":"https:\/\/valrafting.fr\/en\/booking-and-gift-voucher\/","title":{"rendered":"Booking and Gift Voucher"},"content":{"rendered":"<p>[vc_row content_width=&#8221;grid&#8221;][vc_column][vc_empty_space]\n<div class=\"edgtf-section-title edgtf-section-align-left\" >\n\tOur Gift Voucher\t<\/div>[vc_empty_space][\/vc_column][\/vc_row][vc_row content_width=&#8221;grid&#8221;][vc_column width=&#8221;1\/4&#8243;][vc_single_image image=&#8221;404&#8243; img_size=&#8221;350&#215;200&#8243;][vc_empty_space height=&#8221;16px&#8221;][vc_column_text]<\/p>\n<h3>Optimal Rafting Is\u00e8re<\/h3>\n<p>[\/vc_column_text][vc_empty_space height=&#8221;16px&#8221;][vc_raw_html]JTNDYSUyMGRhdGEtYWEtdXJsJTNEJTIyJTJGZ2lmdC1jYXJkcyUyRmJ1eSUyMiUyMGRhdGEtYWEtaWQlM0QlMjIyMzElMjIlMjBjbGFzcyUzRCUyMmFhLWJ0biUyMGVkZ3RmLWJ0biUyMGVkZ3RmLWJ0bi1odWdlLWZ1bGwtd2lkdGglMjBlZGd0Zi1idG4tc29saWQlMjBvcmFuZ2VidG4lMjIlM0UlMEElMjAlMjAlM0NzcGFuJTIwY2xhc3MlM0QlMjJlZGd0Zi1idG4tdGV4dCUyMiUzRUdpZnQlMjB2b3VjaGVyJTJGQm9va2luZyUzQyUyRnNwYW4lM0UlMEElM0MlMkZhJTNF[\/vc_raw_html][\/vc_column][vc_column width=&#8221;1\/4&#8243;][vc_single_image image=&#8221;621&#8243; img_size=&#8221;350&#215;200&#8243;][vc_empty_space height=&#8221;16px&#8221;][vc_column_text]<\/p>\n<h3>Private Rafting Is\u00e8re<\/h3>\n<p>[\/vc_column_text][vc_empty_space height=&#8221;16px&#8221;][vc_raw_html]JTNDYSUyMGRhdGEtYWEtdXJsJTNEJTIyJTJGZ2lmdC1jYXJkcyUyRmJ1eSUyMiUyMGRhdGEtYWEtaWQlM0QlMjIxOTklMjIlMjBjbGFzcyUzRCUyMmFhLWJ0biUyMGVkZ3RmLWJ0biUyMGVkZ3RmLWJ0bi1odWdlLWZ1bGwtd2lkdGglMjBlZGd0Zi1idG4tc29saWQlMjBvcmFuZ2VidG4lMjIlM0UlMEElMjAlMjAlM0NzcGFuJTIwY2xhc3MlM0QlMjJlZGd0Zi1idG4tdGV4dCUyMiUzRUdpZnQlMjB2b3VjaGVyJTJGQm9va2luZyUzQyUyRnNwYW4lM0UlMEElM0MlMkZhJTNF[\/vc_raw_html][\/vc_column][vc_column width=&#8221;1\/4&#8243;][vc_single_image image=&#8221;627&#8243; img_size=&#8221;350&#215;200&#8243;][vc_empty_space height=&#8221;16px&#8221;][vc_column_text]<\/p>\n<h3>Gorges Rafting Is\u00e8re<\/h3>\n<p>[\/vc_column_text][vc_empty_space height=&#8221;16px&#8221;][vc_raw_html]JTNDYSUyMGRhdGEtYWEtdXJsJTNEJTIyJTJGZ2lmdC1jYXJkcyUyRmJ1eSUyMiUyMGRhdGEtYWEtaWQlM0QlMjIxOTIlMjIlMjBjbGFzcyUzRCUyMmFhLWJ0biUyMGVkZ3RmLWJ0biUyMGVkZ3RmLWJ0bi1odWdlLWZ1bGwtd2lkdGglMjBlZGd0Zi1idG4tc29saWQlMjBvcmFuZ2VidG4lMjIlM0UlMEElMjAlMjAlM0NzcGFuJTIwY2xhc3MlM0QlMjJlZGd0Zi1idG4tdGV4dCUyMiUzRUdpZnQlMjB2b3VjaGVyJTJGQm9va2luZyUzQyUyRnNwYW4lM0UlMEElM0MlMkZhJTNF[\/vc_raw_html][\/vc_column][vc_column width=&#8221;1\/4&#8243;][vc_single_image image=&#8221;822&#8243; img_size=&#8221;350&#215;200&#8243;][vc_empty_space height=&#8221;16px&#8221;][vc_column_text]<\/p>\n<h3>Doron Bozel Rafting<\/h3>\n<p>[\/vc_column_text][vc_empty_space height=&#8221;16px&#8221;][vc_raw_html]JTNDYSUyMGRhdGEtYWEtdXJsJTNEJTIyJTJGZ2lmdC1jYXJkcyUyRmJ1eSUyMiUyMGRhdGEtYWEtaWQlM0QlMjIyMDAlMjIlMjBjbGFzcyUzRCUyMmFhLWJ0biUyMGVkZ3RmLWJ0biUyMGVkZ3RmLWJ0bi1odWdlLWZ1bGwtd2lkdGglMjBlZGd0Zi1idG4tc29saWQlMjBvcmFuZ2VidG4lMjIlM0UlMEElMjAlMjAlM0NzcGFuJTIwY2xhc3MlM0QlMjJlZGd0Zi1idG4tdGV4dCUyMiUzRUdpZnQlMjB2b3VjaGVyJTJGQm9va2luZyUzQyUyRnNwYW4lM0UlMEElM0MlMkZhJTNF[\/vc_raw_html][\/vc_column][\/vc_row][vc_row content_width=&#8221;grid&#8221;][vc_column width=&#8221;1\/4&#8243;][vc_empty_space height=&#8221;16px&#8221;][vc_single_image image=&#8221;639&#8243; img_size=&#8221;350&#215;200&#8243;][vc_empty_space height=&#8221;16px&#8221;][vc_column_text]<\/p>\n<h3>Full day + Grill Rafting<\/h3>\n<p>[\/vc_column_text][vc_empty_space height=&#8221;16px&#8221;][vc_raw_html]JTNDYSUyMGRhdGEtYWEtdXJsJTNEJTIyJTJGZ2lmdC1jYXJkcyUyRmJ1eSUyMiUyMGRhdGEtYWEtaWQlM0QlMjIyMDElMjIlMjBjbGFzcyUzRCUyMmFhLWJ0biUyMGVkZ3RmLWJ0biUyMGVkZ3RmLWJ0bi1odWdlLWZ1bGwtd2lkdGglMjBlZGd0Zi1idG4tc29saWQlMjBvcmFuZ2VidG4lMjIlM0UlMEElMjAlMjAlM0NzcGFuJTIwY2xhc3MlM0QlMjJlZGd0Zi1idG4tdGV4dCUyMiUzRUdpZnQlMjB2b3VjaGVyJTJGQm9va2luZyUzQyUyRnNwYW4lM0UlMEElM0MlMkZhJTNF[\/vc_raw_html][\/vc_column][vc_column width=&#8221;1\/4&#8243;][vc_empty_space height=&#8221;16px&#8221;][vc_single_image image=&#8221;633&#8243; img_size=&#8221;350&#215;200&#8243;][vc_empty_space height=&#8221;16px&#8221;][vc_column_text]<\/p>\n<h3>Int\u00e9gral Rafting Is\u00e8re<\/h3>\n<p>[\/vc_column_text][vc_empty_space height=&#8221;16px&#8221;][vc_raw_html]JTNDYSUyMGRhdGEtYWEtdXJsJTNEJTIyJTJGZ2lmdC1jYXJkcyUyRmJ1eSUyMiUyMGRhdGEtYWEtaWQlM0QlMjIxNzclMjIlMjBjbGFzcyUzRCUyMmFhLWJ0biUyMGVkZ3RmLWJ0biUyMGVkZ3RmLWJ0bi1odWdlLWZ1bGwtd2lkdGglMjBlZGd0Zi1idG4tc29saWQlMjBvcmFuZ2VidG4lMjIlM0UlMEElMjAlMjAlM0NzcGFuJTIwY2xhc3MlM0QlMjJlZGd0Zi1idG4tdGV4dCUyMiUzRUdpZnQlMjB2b3VjaGVyJTJGQm9va2luZyUzQyUyRnNwYW4lM0UlMEElM0MlMkZhJTNF[\/vc_raw_html][\/vc_column][vc_column width=&#8221;1\/4&#8243;][vc_empty_space height=&#8221;16px&#8221;][vc_single_image image=&#8221;615&#8243; img_size=&#8221;350&#215;200&#8243;][vc_empty_space height=&#8221;16px&#8221;][vc_column_text]<\/p>\n<h3>Chamonix Rafting<\/h3>\n<p>[\/vc_column_text][vc_empty_space height=&#8221;16px&#8221;][vc_raw_html]JTNDYSUyMGRhdGEtYWEtdXJsJTNEJTIyJTJGZ2lmdC1jYXJkcyUyRmJ1eSUyMiUyMGRhdGEtYWEtaWQlM0QlMjIxOTMlMjIlMjBjbGFzcyUzRCUyMmFhLWJ0biUyMGVkZ3RmLWJ0biUyMGVkZ3RmLWJ0bi1odWdlLWZ1bGwtd2lkdGglMjBlZGd0Zi1idG4tc29saWQlMjBvcmFuZ2VidG4lMjIlM0UlMEElMjAlMjAlM0NzcGFuJTIwY2xhc3MlM0QlMjJlZGd0Zi1idG4tdGV4dCUyMiUzRUdpZnQlMjB2b3VjaGVyJTJGQm9va2luZyUzQyUyRnNwYW4lM0UlMEElM0MlMkZhJTNF[\/vc_raw_html][\/vc_column][vc_column width=&#8221;1\/4&#8243;][vc_empty_space height=&#8221;16px&#8221;][vc_single_image image=&#8221;1457&#8243; img_size=&#8221;350&#215;200&#8243;][vc_empty_space height=&#8221;16px&#8221;][vc_column_text]<\/p>\n<h3>Chamonix Canyoning<\/h3>\n<p>[\/vc_column_text][vc_empty_space height=&#8221;16px&#8221;][vc_raw_html]JTNDYSUyMGRhdGEtYWEtdXJsJTNEJTIyJTJGZ2lmdC1jYXJkcyUyRmJ1eSUyMiUyMGRhdGEtYWEtaWQlM0QlMjIxOTQlMjIlMjBjbGFzcyUzRCUyMmFhLWJ0biUyMGVkZ3RmLWJ0biUyMGVkZ3RmLWJ0bi1odWdlLWZ1bGwtd2lkdGglMjBlZGd0Zi1idG4tc29saWQlMjBvcmFuZ2VidG4lMjIlM0UlMEElMjAlMjAlM0NzcGFuJTIwY2xhc3MlM0QlMjJlZGd0Zi1idG4tdGV4dCUyMiUzRUdpZnQlMjB2b3VjaGVyJTJGQm9va2luZyUzQyUyRnNwYW4lM0UlMEElM0MlMkZhJTNF[\/vc_raw_html][\/vc_column][\/vc_row][vc_row content_width=&#8221;grid&#8221;][vc_column width=&#8221;1\/4&#8243;][vc_empty_space height=&#8221;16px&#8221;][vc_single_image image=&#8221;1469&#8243; img_size=&#8221;350&#215;200&#8243;][vc_empty_space height=&#8221;16px&#8221;][vc_column_text]<\/p>\n<h3>Pussy Canyoning<\/h3>\n<p>[\/vc_column_text][vc_empty_space height=&#8221;16px&#8221;][vc_raw_html]JTNDYSUyMGRhdGEtYWEtdXJsJTNEJTIyJTJGZ2lmdC1jYXJkcyUyRmJ1eSUyMiUyMGRhdGEtYWEtaWQlM0QlMjIxOTUlMjIlMjBjbGFzcyUzRCUyMmFhLWJ0biUyMGVkZ3RmLWJ0biUyMGVkZ3RmLWJ0bi1odWdlLWZ1bGwtd2lkdGglMjBlZGd0Zi1idG4tc29saWQlMjBvcmFuZ2VidG4lMjIlM0UlMEElMjAlMjAlM0NzcGFuJTIwY2xhc3MlM0QlMjJlZGd0Zi1idG4tdGV4dCUyMiUzRUdpZnQlMjB2b3VjaGVyJTJGQm9va2luZyUzQyUyRnNwYW4lM0UlMEElM0MlMkZhJTNF[\/vc_raw_html][\/vc_column][vc_column width=&#8221;1\/4&#8243;][vc_empty_space height=&#8221;16px&#8221;][vc_single_image image=&#8221;1445&#8243; img_size=&#8221;350&#215;200&#8243;][vc_empty_space height=&#8221;16px&#8221;][vc_column_text]<\/p>\n<h3>Eau Rousse Canyoning<\/h3>\n<p>[\/vc_column_text][vc_empty_space height=&#8221;16px&#8221;][vc_raw_html]JTNDYSUyMGRhdGEtYWEtdXJsJTNEJTIyJTJGZ2lmdC1jYXJkcyUyRmJ1eSUyMiUyMGRhdGEtYWEtaWQlM0QlMjIxOTYlMjIlMjBjbGFzcyUzRCUyMmFhLWJ0biUyMGVkZ3RmLWJ0biUyMGVkZ3RmLWJ0bi1odWdlLWZ1bGwtd2lkdGglMjBlZGd0Zi1idG4tc29saWQlMjBvcmFuZ2VidG4lMjIlM0UlMEElMjAlMjAlM0NzcGFuJTIwY2xhc3MlM0QlMjJlZGd0Zi1idG4tdGV4dCUyMiUzRUdpZnQlMjB2b3VjaGVyJTJGQm9va2luZyUzQyUyRnNwYW4lM0UlMEElM0MlMkZhJTNF[\/vc_raw_html][\/vc_column][vc_column width=&#8221;1\/4&#8243;][vc_empty_space height=&#8221;16px&#8221;][vc_single_image image=&#8221;902&#8243; img_size=&#8221;350&#215;200&#8243;][vc_empty_space height=&#8221;16px&#8221;][vc_column_text]<\/p>\n<h3>Is\u00e8re Hydrospeed<\/h3>\n<p>[\/vc_column_text][vc_empty_space height=&#8221;16px&#8221;][vc_raw_html]JTNDYSUyMGRhdGEtYWEtdXJsJTNEJTIyJTJGZ2lmdC1jYXJkcyUyRmJ1eSUyMiUyMGRhdGEtYWEtaWQlM0QlMjIyMDIlMjIlMjBjbGFzcyUzRCUyMmFhLWJ0biUyMGVkZ3RmLWJ0biUyMGVkZ3RmLWJ0bi1odWdlLWZ1bGwtd2lkdGglMjBlZGd0Zi1idG4tc29saWQlMjBvcmFuZ2VidG4lMjIlM0UlMEElMjAlMjAlM0NzcGFuJTIwY2xhc3MlM0QlMjJlZGd0Zi1idG4tdGV4dCUyMiUzRUdpZnQlMjB2b3VjaGVyJTJGQm9va2luZyUzQyUyRnNwYW4lM0UlMEElM0MlMkZhJTNF[\/vc_raw_html][\/vc_column][\/vc_row][vc_row][vc_column][vc_empty_space][\/vc_column][\/vc_row]<\/p>\n","protected":false},"excerpt":{"rendered":"<p>[vc_row content_width=&#8221;grid&#8221;][vc_column][vc_empty_space][vc_empty_space][\/vc_column][\/vc_row][vc_row content_width=&#8221;grid&#8221;][vc_column width=&#8221;1\/4&#8243;][vc_single_image image=&#8221;404&#8243; img_size=&#8221;350&#215;200&#8243;][vc_empty_space height=&#8221;16px&#8221;][vc_column_text] Optimal Rafting Is\u00e8re [\/vc_column_text][vc_empty_space height=&#8221;16px&#8221;][vc_raw_html]JTNDYSUyMGRhdGEtYWEtdXJsJTNEJTIyJTJGZ2lmdC1jYXJkcyUyRmJ1eSUyMiUyMGRhdGEtYWEtaWQlM0QlMjIyMzElMjIlMjBjbGFzcyUzRCUyMmFhLWJ0biUyMGVkZ3RmLWJ0biUyMGVkZ3RmLWJ0bi1odWdlLWZ1bGwtd2lkdGglMjBlZGd0Zi1idG4tc29saWQlMjBvcmFuZ2VidG4lMjIlM0UlMEElMjAlMjAlM0NzcGFuJTIwY2xhc3MlM0QlMjJlZGd0Zi1idG4tdGV4dCUyMiUzRUdpZnQlMjB2b3VjaGVyJTJGQm9va2luZyUzQyUyRnNwYW4lM0UlMEElM0MlMkZhJTNF[\/vc_raw_html][\/vc_column][vc_column width=&#8221;1\/4&#8243;][vc_single_image image=&#8221;621&#8243; img_size=&#8221;350&#215;200&#8243;][vc_empty_space height=&#8221;16px&#8221;][vc_column_text] Private Rafting Is\u00e8re [\/vc_column_text][vc_empty_space height=&#8221;16px&#8221;][vc_raw_html]JTNDYSUyMGRhdGEtYWEtdXJsJTNEJTIyJTJGZ2lmdC1jYXJkcyUyRmJ1eSUyMiUyMGRhdGEtYWEtaWQlM0QlMjIxOTklMjIlMjBjbGFzcyUzRCUyMmFhLWJ0biUyMGVkZ3RmLWJ0biUyMGVkZ3RmLWJ0bi1odWdlLWZ1bGwtd2lkdGglMjBlZGd0Zi1idG4tc29saWQlMjBvcmFuZ2VidG4lMjIlM0UlMEElMjAlMjAlM0NzcGFuJTIwY2xhc3MlM0QlMjJlZGd0Zi1idG4tdGV4dCUyMiUzRUdpZnQlMjB2b3VjaGVyJTJGQm9va2luZyUzQyUyRnNwYW4lM0UlMEElM0MlMkZhJTNF[\/vc_raw_html][\/vc_column][vc_column width=&#8221;1\/4&#8243;][vc_single_image image=&#8221;627&#8243; img_size=&#8221;350&#215;200&#8243;][vc_empty_space height=&#8221;16px&#8221;][vc_column_text] Gorges Rafting Is\u00e8re [\/vc_column_text][vc_empty_space height=&#8221;16px&#8221;][vc_raw_html]JTNDYSUyMGRhdGEtYWEtdXJsJTNEJTIyJTJGZ2lmdC1jYXJkcyUyRmJ1eSUyMiUyMGRhdGEtYWEtaWQlM0QlMjIxOTIlMjIlMjBjbGFzcyUzRCUyMmFhLWJ0biUyMGVkZ3RmLWJ0biUyMGVkZ3RmLWJ0bi1odWdlLWZ1bGwtd2lkdGglMjBlZGd0Zi1idG4tc29saWQlMjBvcmFuZ2VidG4lMjIlM0UlMEElMjAlMjAlM0NzcGFuJTIwY2xhc3MlM0QlMjJlZGd0Zi1idG4tdGV4dCUyMiUzRUdpZnQlMjB2b3VjaGVyJTJGQm9va2luZyUzQyUyRnNwYW4lM0UlMEElM0MlMkZhJTNF[\/vc_raw_html][\/vc_column][vc_column width=&#8221;1\/4&#8243;][vc_single_image image=&#8221;822&#8243; img_size=&#8221;350&#215;200&#8243;][vc_empty_space height=&#8221;16px&#8221;][vc_column_text] Doron Bozel Rafting [\/vc_column_text][vc_empty_space height=&#8221;16px&#8221;][vc_raw_html]JTNDYSUyMGRhdGEtYWEtdXJsJTNEJTIyJTJGZ2lmdC1jYXJkcyUyRmJ1eSUyMiUyMGRhdGEtYWEtaWQlM0QlMjIyMDAlMjIlMjBjbGFzcyUzRCUyMmFhLWJ0biUyMGVkZ3RmLWJ0biUyMGVkZ3RmLWJ0bi1odWdlLWZ1bGwtd2lkdGglMjBlZGd0Zi1idG4tc29saWQlMjBvcmFuZ2VidG4lMjIlM0UlMEElMjAlMjAlM0NzcGFuJTIwY2xhc3MlM0QlMjJlZGd0Zi1idG4tdGV4dCUyMiUzRUdpZnQlMjB2b3VjaGVyJTJGQm9va2luZyUzQyUyRnNwYW4lM0UlMEElM0MlMkZhJTNF[\/vc_raw_html][\/vc_column][\/vc_row][vc_row content_width=&#8221;grid&#8221;][vc_column width=&#8221;1\/4&#8243;][vc_empty_space height=&#8221;16px&#8221;][vc_single_image image=&#8221;639&#8243; img_size=&#8221;350&#215;200&#8243;][vc_empty_space height=&#8221;16px&#8221;][vc_column_text]&#8230;<\/p>\n","protected":false},"author":1,"featured_media":0,"parent":0,"menu_order":7,"comment_status":"closed","ping_status":"closed","template":"full-width.php","meta":{"_monsterinsights_skip_tracking":false,"_monsterinsights_sitenote_active":false,"_monsterinsights_sitenote_note":"","_monsterinsights_sitenote_category":0,"footnotes":""},"yoast_head":"<!-- This site is optimized with the Yoast SEO plugin v22.9 - https:\/\/yoast.com\/wordpress\/plugins\/seo\/ -->\n<title>Booking and Gift Voucher | Valrafting.fr<\/title>\n<meta name=\"description\" content=\"Rafting, kayak et canyoning \u00e0 Bourg-Saint-Maurice avec des guides experts. Activit\u00e9s sur mesure en eaux vives pour tous les niveaux. R\u00e9servez votre aventure.\" \/>\n<meta name=\"robots\" content=\"index, follow, max-snippet:-1, max-image-preview:large, max-video-preview:-1\" \/>\n<link rel=\"canonical\" href=\"https:\/\/valrafting.fr\/en\/booking-and-gift-voucher\/\" \/>\n<meta property=\"og:locale\" content=\"en_US\" \/>\n<meta property=\"og:type\" content=\"article\" \/>\n<meta property=\"og:title\" content=\"Booking and Gift Voucher | Valrafting.fr\" \/>\n<meta property=\"og:description\" content=\"Rafting, kayak et canyoning \u00e0 Bourg-Saint-Maurice avec des guides experts. Activit\u00e9s sur mesure en eaux vives pour tous les niveaux. R\u00e9servez votre aventure.\" \/>\n<meta property=\"og:url\" content=\"https:\/\/valrafting.fr\/en\/booking-and-gift-voucher\/\" \/>\n<meta property=\"og:site_name\" content=\"Valrafting.fr\" \/>\n<meta property=\"article:publisher\" content=\"https:\/\/www.facebook.com\/Valrafting-129739627083911\/\" \/>\n<meta property=\"article:modified_time\" content=\"2025-01-12T13:55:31+00:00\" \/>\n<meta property=\"og:image\" content=\"https:\/\/valrafting.fr\/wp\/wp-content\/uploads\/vr-logo.jpg\" \/>\n\t<meta property=\"og:image:width\" content=\"500\" \/>\n\t<meta property=\"og:image:height\" content=\"302\" \/>\n\t<meta property=\"og:image:type\" content=\"image\/jpeg\" \/>\n<meta name=\"twitter:card\" content=\"summary_large_image\" \/>\n<script type=\"application\/ld+json\" class=\"yoast-schema-graph\">{\"@context\":\"https:\/\/schema.org\",\"@graph\":[{\"@type\":\"WebPage\",\"@id\":\"https:\/\/valrafting.fr\/en\/booking-and-gift-voucher\/\",\"url\":\"https:\/\/valrafting.fr\/en\/booking-and-gift-voucher\/\",\"name\":\"Booking and Gift Voucher | Valrafting.fr\",\"isPartOf\":{\"@id\":\"https:\/\/valrafting.fr\/#website\"},\"datePublished\":\"2018-03-20T06:49:39+00:00\",\"dateModified\":\"2025-01-12T13:55:31+00:00\",\"description\":\"Rafting, kayak et canyoning \u00e0 Bourg-Saint-Maurice avec des guides experts. Activit\u00e9s sur mesure en eaux vives pour tous les niveaux. R\u00e9servez votre aventure.\",\"breadcrumb\":{\"@id\":\"https:\/\/valrafting.fr\/en\/booking-and-gift-voucher\/#breadcrumb\"},\"inLanguage\":\"en-US\",\"potentialAction\":[{\"@type\":\"ReadAction\",\"target\":[\"https:\/\/valrafting.fr\/en\/booking-and-gift-voucher\/\"]}]},{\"@type\":\"BreadcrumbList\",\"@id\":\"https:\/\/valrafting.fr\/en\/booking-and-gift-voucher\/#breadcrumb\",\"itemListElement\":[{\"@type\":\"ListItem\",\"position\":1,\"name\":\"Accueil\",\"item\":\"https:\/\/valrafting.fr\/en\/\"},{\"@type\":\"ListItem\",\"position\":2,\"name\":\"Booking and Gift Voucher\"}]},{\"@type\":\"WebSite\",\"@id\":\"https:\/\/valrafting.fr\/#website\",\"url\":\"https:\/\/valrafting.fr\/\",\"name\":\"Valrafting.fr\",\"description\":\"Votre sp\u00e9cialiste en tourisme d\u2019aventures \u00e0 Aime la Plagne et Chamonix. Nous proposons du rafting rafting, du canyoning et de l&#039;hydrospeed. Le rafting annecy, proche du lac vous permet avec nos deux bases de pratiquer le rafting Is\u00e8re ou rafting Arve\",\"publisher\":{\"@id\":\"https:\/\/valrafting.fr\/#organization\"},\"potentialAction\":[{\"@type\":\"SearchAction\",\"target\":{\"@type\":\"EntryPoint\",\"urlTemplate\":\"https:\/\/valrafting.fr\/?s={search_term_string}\"},\"query-input\":\"required name=search_term_string\"}],\"inLanguage\":\"en-US\"},{\"@type\":\"Organization\",\"@id\":\"https:\/\/valrafting.fr\/#organization\",\"name\":\"Valrafting\",\"url\":\"https:\/\/valrafting.fr\/\",\"logo\":{\"@type\":\"ImageObject\",\"inLanguage\":\"en-US\",\"@id\":\"https:\/\/valrafting.fr\/#\/schema\/logo\/image\/\",\"url\":\"https:\/\/valrafting.fr\/wp\/wp-content\/uploads\/vr-logo.jpg\",\"contentUrl\":\"https:\/\/valrafting.fr\/wp\/wp-content\/uploads\/vr-logo.jpg\",\"width\":500,\"height\":302,\"caption\":\"Valrafting\"},\"image\":{\"@id\":\"https:\/\/valrafting.fr\/#\/schema\/logo\/image\/\"},\"sameAs\":[\"https:\/\/www.facebook.com\/Valrafting-129739627083911\/\"]}]}<\/script>\n<!-- \/ Yoast SEO plugin. -->","yoast_head_json":{"title":"Booking and Gift Voucher | Valrafting.fr","description":"Rafting, kayak et canyoning \u00e0 Bourg-Saint-Maurice avec des guides experts. Activit\u00e9s sur mesure en eaux vives pour tous les niveaux. R\u00e9servez votre aventure.","robots":{"index":"index","follow":"follow","max-snippet":"max-snippet:-1","max-image-preview":"max-image-preview:large","max-video-preview":"max-video-preview:-1"},"canonical":"https:\/\/valrafting.fr\/en\/booking-and-gift-voucher\/","og_locale":"en_US","og_type":"article","og_title":"Booking and Gift Voucher | Valrafting.fr","og_description":"Rafting, kayak et canyoning \u00e0 Bourg-Saint-Maurice avec des guides experts. Activit\u00e9s sur mesure en eaux vives pour tous les niveaux. R\u00e9servez votre aventure.","og_url":"https:\/\/valrafting.fr\/en\/booking-and-gift-voucher\/","og_site_name":"Valrafting.fr","article_publisher":"https:\/\/www.facebook.com\/Valrafting-129739627083911\/","article_modified_time":"2025-01-12T13:55:31+00:00","og_image":[{"width":500,"height":302,"url":"https:\/\/valrafting.fr\/wp\/wp-content\/uploads\/vr-logo.jpg","type":"image\/jpeg"}],"twitter_card":"summary_large_image","schema":{"@context":"https:\/\/schema.org","@graph":[{"@type":"WebPage","@id":"https:\/\/valrafting.fr\/en\/booking-and-gift-voucher\/","url":"https:\/\/valrafting.fr\/en\/booking-and-gift-voucher\/","name":"Booking and Gift Voucher | Valrafting.fr","isPartOf":{"@id":"https:\/\/valrafting.fr\/#website"},"datePublished":"2018-03-20T06:49:39+00:00","dateModified":"2025-01-12T13:55:31+00:00","description":"Rafting, kayak et canyoning \u00e0 Bourg-Saint-Maurice avec des guides experts. Activit\u00e9s sur mesure en eaux vives pour tous les niveaux. R\u00e9servez votre aventure.","breadcrumb":{"@id":"https:\/\/valrafting.fr\/en\/booking-and-gift-voucher\/#breadcrumb"},"inLanguage":"en-US","potentialAction":[{"@type":"ReadAction","target":["https:\/\/valrafting.fr\/en\/booking-and-gift-voucher\/"]}]},{"@type":"BreadcrumbList","@id":"https:\/\/valrafting.fr\/en\/booking-and-gift-voucher\/#breadcrumb","itemListElement":[{"@type":"ListItem","position":1,"name":"Accueil","item":"https:\/\/valrafting.fr\/en\/"},{"@type":"ListItem","position":2,"name":"Booking and Gift Voucher"}]},{"@type":"WebSite","@id":"https:\/\/valrafting.fr\/#website","url":"https:\/\/valrafting.fr\/","name":"Valrafting.fr","description":"Votre sp\u00e9cialiste en tourisme d\u2019aventures \u00e0 Aime la Plagne et Chamonix. Nous proposons du rafting rafting, du canyoning et de l&#039;hydrospeed. Le rafting annecy, proche du lac vous permet avec nos deux bases de pratiquer le rafting Is\u00e8re ou rafting Arve","publisher":{"@id":"https:\/\/valrafting.fr\/#organization"},"potentialAction":[{"@type":"SearchAction","target":{"@type":"EntryPoint","urlTemplate":"https:\/\/valrafting.fr\/?s={search_term_string}"},"query-input":"required name=search_term_string"}],"inLanguage":"en-US"},{"@type":"Organization","@id":"https:\/\/valrafting.fr\/#organization","name":"Valrafting","url":"https:\/\/valrafting.fr\/","logo":{"@type":"ImageObject","inLanguage":"en-US","@id":"https:\/\/valrafting.fr\/#\/schema\/logo\/image\/","url":"https:\/\/valrafting.fr\/wp\/wp-content\/uploads\/vr-logo.jpg","contentUrl":"https:\/\/valrafting.fr\/wp\/wp-content\/uploads\/vr-logo.jpg","width":500,"height":302,"caption":"Valrafting"},"image":{"@id":"https:\/\/valrafting.fr\/#\/schema\/logo\/image\/"},"sameAs":["https:\/\/www.facebook.com\/Valrafting-129739627083911\/"]}]}},"_links":{"self":[{"href":"https:\/\/valrafting.fr\/en\/wp-json\/wp\/v2\/pages\/136"}],"collection":[{"href":"https:\/\/valrafting.fr\/en\/wp-json\/wp\/v2\/pages"}],"about":[{"href":"https:\/\/valrafting.fr\/en\/wp-json\/wp\/v2\/types\/page"}],"author":[{"embeddable":true,"href":"https:\/\/valrafting.fr\/en\/wp-json\/wp\/v2\/users\/1"}],"replies":[{"embeddable":true,"href":"https:\/\/valrafting.fr\/en\/wp-json\/wp\/v2\/comments?post=136"}],"version-history":[{"count":13,"href":"https:\/\/valrafting.fr\/en\/wp-json\/wp\/v2\/pages\/136\/revisions"}],"predecessor-version":[{"id":5302,"href":"https:\/\/valrafting.fr\/en\/wp-json\/wp\/v2\/pages\/136\/revisions\/5302"}],"wp:attachment":[{"href":"https:\/\/valrafting.fr\/en\/wp-json\/wp\/v2\/media?parent=136"}],"curies":[{"name":"wp","href":"https:\/\/api.w.org\/{rel}","templated":true}]}}