{"id":123,"date":"2018-03-20T07:46:54","date_gmt":"2018-03-20T06:46:54","guid":{"rendered":"http:\/\/valrafting.fr\/wp\/rafting\/"},"modified":"2024-04-12T10:20:09","modified_gmt":"2024-04-12T08:20:09","slug":"rafting","status":"publish","type":"page","link":"https:\/\/valrafting.fr\/en\/rafting\/","title":{"rendered":"Rafting"},"content":{"rendered":"<p>[vc_row][vc_column][vc_column_text]\n\n\n<div id=\"wpv-view-layout-1049\" class=\"js-wpv-view-layout js-wpv-layout-responsive js-wpv-view-layout-1049\" data-viewnumber=\"1049\" data-pagination=\"{&quot;id&quot;:1049,&quot;query&quot;:&quot;normal&quot;,&quot;type&quot;:&quot;disabled&quot;,&quot;effect&quot;:&quot;fade&quot;,&quot;duration&quot;:500,&quot;speed&quot;:5,&quot;pause_on_hover&quot;:&quot;disabled&quot;,&quot;stop_rollover&quot;:&quot;false&quot;,&quot;cache_pages&quot;:&quot;enabled&quot;,&quot;preload_images&quot;:&quot;enabled&quot;,&quot;preload_pages&quot;:&quot;enabled&quot;,&quot;preload_reach&quot;:1,&quot;spinner&quot;:&quot;builtin&quot;,&quot;spinner_image&quot;:&quot;https:\/\/valrafting.fr\/wp\/wp-content\/plugins\/wp-views\/embedded\/res\/img\/ajax-loader.gif&quot;,&quot;callback_next&quot;:&quot;&quot;,&quot;manage_history&quot;:&quot;enabled&quot;,&quot;has_controls_in_form&quot;:&quot;disabled&quot;,&quot;infinite_tolerance&quot;:&quot;0&quot;,&quot;max_pages&quot;:0,&quot;page&quot;:1,&quot;base_permalink&quot;:&quot;\/en\/wp-json\/wp\/v2\/pages\/123?wpv_view_count=1049&amp;wpv_paged=WPV_PAGE_NUM&quot;,&quot;loop&quot;:{&quot;type&quot;:&quot;&quot;,&quot;name&quot;:&quot;&quot;,&quot;data&quot;:[],&quot;id&quot;:0}}\" data-permalink=\"\/en\/wp-json\/wp\/v2\/pages\/123?wpv_view_count=1049\">\n\n\t\n\t\n\t<div class=\"clearfix edgtf-full-section-inner\">\n      <div class=\"wpb_column vc_column_container vc_col-sm-12\">\n        <div class=\"vc_column-inner\">\n          <div class=\"wpb_wrapper\">\n\t\t\t\n\t\t\t<div class=\"edgtf-linked-boxes edgtf-linked-boxes-col-3\"><div class=\"edgtf-linked-item activity-item\">\n\t<div class=\"edgtf-linked-item-image-holder\"><img decoding=\"async\" width=\"700\" height=\"450\" data-src=\"https:\/\/valrafting.fr\/wp\/wp-content\/uploads\/cover-activity-rafting-1.jpg\" class=\"attachment-freestyle_edge_landscape size-freestyle_edge_landscape wp-post-image lazyload\" alt=\"rafting\" data-srcset=\"https:\/\/valrafting.fr\/wp\/wp-content\/uploads\/cover-activity-rafting-1.jpg 700w, https:\/\/valrafting.fr\/wp\/wp-content\/uploads\/cover-activity-rafting-1-300x193.jpg 300w\" data-sizes=\"(max-width: 700px) 100vw, 700px\" src=\"data:image\/svg+xml;base64,PHN2ZyB3aWR0aD0iMSIgaGVpZ2h0PSIxIiB4bWxucz0iaHR0cDovL3d3dy53My5vcmcvMjAwMC9zdmciPjwvc3ZnPg==\" style=\"--smush-placeholder-width: 700px; --smush-placeholder-aspect-ratio: 700\/450;\" \/><\/div>\t\t\t\n\t<div class=\"activity-text\">\t\t\n\t\t<span class=\"edgtf-section-subtitle edgtf-section-activity\" style=\"text-align:left\"><span><i class=\"fa fa-map-marker\" aria-hidden=\"true\"><\/i>\n<a href=\"https:\/\/valrafting.fr\/en\/lieu\/chamonix-valley\/\">Chamonix Valley<\/a><\/span><span><i class=\"fa fa-ship\"><\/i> <a href=\"https:\/\/valrafting.fr\/en\/riviere\/arve-2\/\">Arve<\/a><\/span><br \/><span><i class=\"fa fa-clock-o\" aria-hidden=\"true\"><\/i> 2h30\r\n(1h00 on water)<\/span><\/span>\t\t\t\t\n\t\t<div class=\"edgtf-section-title\" style=\"opacity: 1;\"><a href=\"https:\/\/valrafting.fr\/en\/activite\/chamonix-white-water-rafting\/\">Chamonix Rafting<\/a><\/div>\t\t\t\n  \t<\/div>\n\t<a class=\"edgtf-linked-item-link\" href=\"https:\/\/valrafting.fr\/en\/activite\/chamonix-white-water-rafting\/\" target=\"_self\"><\/a>\n<\/div><\/div>\n\t\t\t\n\t\t\t<div class=\"edgtf-linked-boxes edgtf-linked-boxes-col-3\"><div class=\"edgtf-linked-item activity-item\">\n\t<div class=\"edgtf-linked-item-image-holder\"><img decoding=\"async\" width=\"700\" height=\"450\" data-src=\"https:\/\/valrafting.fr\/wp\/wp-content\/uploads\/cover-activity-rafting-2.jpg\" class=\"attachment-freestyle_edge_landscape size-freestyle_edge_landscape wp-post-image lazyload\" alt=\"rafting\" data-srcset=\"https:\/\/valrafting.fr\/wp\/wp-content\/uploads\/cover-activity-rafting-2.jpg 700w, https:\/\/valrafting.fr\/wp\/wp-content\/uploads\/cover-activity-rafting-2-300x193.jpg 300w\" data-sizes=\"(max-width: 700px) 100vw, 700px\" src=\"data:image\/svg+xml;base64,PHN2ZyB3aWR0aD0iMSIgaGVpZ2h0PSIxIiB4bWxucz0iaHR0cDovL3d3dy53My5vcmcvMjAwMC9zdmciPjwvc3ZnPg==\" style=\"--smush-placeholder-width: 700px; --smush-placeholder-aspect-ratio: 700\/450;\" \/><\/div>\t\t\t\n\t<div class=\"activity-text\">\t\t\n\t\t<span class=\"edgtf-section-subtitle edgtf-section-activity\" style=\"text-align:left\"><span><i class=\"fa fa-map-marker\" aria-hidden=\"true\"><\/i>\n<a href=\"https:\/\/valrafting.fr\/en\/lieu\/tarentaise-savoie-en\/\">Tarentaise Savoie<\/a><\/span><span><i class=\"fa fa-ship\"><\/i> <a href=\"https:\/\/valrafting.fr\/en\/riviere\/isere-en\/\">Is\u00e8re<\/a><\/span><br \/><span><i class=\"fa fa-clock-o\" aria-hidden=\"true\"><\/i> 3h00\r\n(2h00 on the water)<\/span><\/span>\t\t\t\t\n\t\t<div class=\"edgtf-section-title\" style=\"opacity: 1;\"><a href=\"https:\/\/valrafting.fr\/en\/activite\/best-of-isere-rafting\/\">Best of Is\u00e8re Rafting<\/a><\/div>\t\t\t\n  \t<\/div>\n\t<a class=\"edgtf-linked-item-link\" href=\"https:\/\/valrafting.fr\/en\/activite\/best-of-isere-rafting\/\" target=\"_self\"><\/a>\n<\/div><\/div>\n\t\t\t\n\t\t\t<div class=\"edgtf-linked-boxes edgtf-linked-boxes-col-3\"><div class=\"edgtf-linked-item activity-item\">\n\t<div class=\"edgtf-linked-item-image-holder\"><img decoding=\"async\" width=\"700\" height=\"450\" data-src=\"https:\/\/valrafting.fr\/wp\/wp-content\/uploads\/cover-activity-rafting-5.jpg\" class=\"attachment-freestyle_edge_landscape size-freestyle_edge_landscape wp-post-image lazyload\" alt=\"rafting\" data-srcset=\"https:\/\/valrafting.fr\/wp\/wp-content\/uploads\/cover-activity-rafting-5.jpg 700w, https:\/\/valrafting.fr\/wp\/wp-content\/uploads\/cover-activity-rafting-5-300x193.jpg 300w\" data-sizes=\"(max-width: 700px) 100vw, 700px\" src=\"data:image\/svg+xml;base64,PHN2ZyB3aWR0aD0iMSIgaGVpZ2h0PSIxIiB4bWxucz0iaHR0cDovL3d3dy53My5vcmcvMjAwMC9zdmciPjwvc3ZnPg==\" style=\"--smush-placeholder-width: 700px; --smush-placeholder-aspect-ratio: 700\/450;\" \/><\/div>\t\t\t\n\t<div class=\"activity-text\">\t\t\n\t\t<span class=\"edgtf-section-subtitle edgtf-section-activity\" style=\"text-align:left\"><span><i class=\"fa fa-map-marker\" aria-hidden=\"true\"><\/i>\n<a href=\"https:\/\/valrafting.fr\/en\/lieu\/tarentaise-savoie-en\/\">Tarentaise Savoie<\/a><\/span><span><i class=\"fa fa-ship\"><\/i> <a href=\"https:\/\/valrafting.fr\/en\/riviere\/isere-en\/\">Is\u00e8re<\/a><\/span><br \/><span><i class=\"fa fa-clock-o\" aria-hidden=\"true\"><\/i> 3h30\r\n(2h30 on the water)<\/span><\/span>\t\t\t\t\n\t\t<div class=\"edgtf-section-title\" style=\"opacity: 1;\"><a href=\"https:\/\/valrafting.fr\/en\/activite\/isere-private-rafting\/\">Is\u00e8re Private Rafting<\/a><\/div>\t\t\t\n  \t<\/div>\n\t<a class=\"edgtf-linked-item-link\" href=\"https:\/\/valrafting.fr\/en\/activite\/isere-private-rafting\/\" target=\"_self\"><\/a>\n<\/div><\/div>\n\t\t\t\n\t\t\t<div class=\"edgtf-linked-boxes edgtf-linked-boxes-col-3\"><div class=\"edgtf-linked-item activity-item\">\n\t<div class=\"edgtf-linked-item-image-holder\"><img decoding=\"async\" width=\"700\" height=\"450\" data-src=\"https:\/\/valrafting.fr\/wp\/wp-content\/uploads\/cover-activity-rafting-4.jpg\" class=\"attachment-freestyle_edge_landscape size-freestyle_edge_landscape wp-post-image lazyload\" alt=\"rafting\" data-srcset=\"https:\/\/valrafting.fr\/wp\/wp-content\/uploads\/cover-activity-rafting-4.jpg 700w, https:\/\/valrafting.fr\/wp\/wp-content\/uploads\/cover-activity-rafting-4-300x193.jpg 300w\" data-sizes=\"(max-width: 700px) 100vw, 700px\" src=\"data:image\/svg+xml;base64,PHN2ZyB3aWR0aD0iMSIgaGVpZ2h0PSIxIiB4bWxucz0iaHR0cDovL3d3dy53My5vcmcvMjAwMC9zdmciPjwvc3ZnPg==\" style=\"--smush-placeholder-width: 700px; --smush-placeholder-aspect-ratio: 700\/450;\" \/><\/div>\t\t\t\n\t<div class=\"activity-text\">\t\t\n\t\t<span class=\"edgtf-section-subtitle edgtf-section-activity\" style=\"text-align:left\"><span><i class=\"fa fa-map-marker\" aria-hidden=\"true\"><\/i>\n<a href=\"https:\/\/valrafting.fr\/en\/lieu\/tarentaise-savoie-en\/\">Tarentaise Savoie<\/a><\/span><span><i class=\"fa fa-ship\"><\/i> <a href=\"https:\/\/valrafting.fr\/en\/riviere\/isere-en\/\">Is\u00e8re<\/a><\/span><br \/><span><i class=\"fa fa-clock-o\" aria-hidden=\"true\"><\/i> 2h30\r\n(1h30 on the water)<\/span><\/span>\t\t\t\t\n\t\t<div class=\"edgtf-section-title\" style=\"opacity: 1;\"><a href=\"https:\/\/valrafting.fr\/en\/activite\/les-arcs-rafting\/\">Is\u00e8re Gorges Rafting<\/a><\/div>\t\t\t\n  \t<\/div>\n\t<a class=\"edgtf-linked-item-link\" href=\"https:\/\/valrafting.fr\/en\/activite\/les-arcs-rafting\/\" target=\"_self\"><\/a>\n<\/div><\/div>\n\t\t\t\n\t\t\t<div class=\"edgtf-linked-boxes edgtf-linked-boxes-col-3\"><div class=\"edgtf-linked-item activity-item\">\n\t<div class=\"edgtf-linked-item-image-holder\"><img decoding=\"async\" width=\"700\" height=\"450\" data-src=\"https:\/\/valrafting.fr\/wp\/wp-content\/uploads\/cover-activity-rafting-17.jpg\" class=\"attachment-freestyle_edge_landscape size-freestyle_edge_landscape wp-post-image lazyload\" alt=\"rafting\" data-srcset=\"https:\/\/valrafting.fr\/wp\/wp-content\/uploads\/cover-activity-rafting-17.jpg 700w, https:\/\/valrafting.fr\/wp\/wp-content\/uploads\/cover-activity-rafting-17-300x193.jpg 300w\" data-sizes=\"(max-width: 700px) 100vw, 700px\" src=\"data:image\/svg+xml;base64,PHN2ZyB3aWR0aD0iMSIgaGVpZ2h0PSIxIiB4bWxucz0iaHR0cDovL3d3dy53My5vcmcvMjAwMC9zdmciPjwvc3ZnPg==\" style=\"--smush-placeholder-width: 700px; --smush-placeholder-aspect-ratio: 700\/450;\" \/><\/div>\t\t\t\n\t<div class=\"activity-text\">\t\t\n\t\t<span class=\"edgtf-section-subtitle edgtf-section-activity\" style=\"text-align:left\"><span><i class=\"fa fa-map-marker\" aria-hidden=\"true\"><\/i>\n<a href=\"https:\/\/valrafting.fr\/en\/lieu\/tarentaise-savoie-en\/\">Tarentaise Savoie<\/a><\/span><span><i class=\"fa fa-ship\"><\/i> <a href=\"https:\/\/valrafting.fr\/en\/riviere\/doron-de-bozel-en\/\">Doron de Bozel<\/a><\/span><br \/><span><i class=\"fa fa-clock-o\" aria-hidden=\"true\"><\/i> 4h00\r\n(1h30 sur l\u2019eau)<\/span><\/span>\t\t\t\t\n\t\t<div class=\"edgtf-section-title\" style=\"opacity: 1;\"><a href=\"https:\/\/valrafting.fr\/en\/activite\/doron-de-bozel-rafting\/\">Doron De Bozel Rafting<\/a><\/div>\t\t\t\n  \t<\/div>\n\t<a class=\"edgtf-linked-item-link\" href=\"https:\/\/valrafting.fr\/en\/activite\/doron-de-bozel-rafting\/\" target=\"_self\"><\/a>\n<\/div><\/div>\n\t\t\t\n\t\t\t<div class=\"edgtf-linked-boxes edgtf-linked-boxes-col-3\"><div class=\"edgtf-linked-item activity-item\">\n\t<div class=\"edgtf-linked-item-image-holder\"><img decoding=\"async\" width=\"700\" height=\"450\" data-src=\"https:\/\/valrafting.fr\/wp\/wp-content\/uploads\/cover-activity-rafting-14.jpg\" class=\"attachment-freestyle_edge_landscape size-freestyle_edge_landscape wp-post-image lazyload\" alt=\"rafting\" data-srcset=\"https:\/\/valrafting.fr\/wp\/wp-content\/uploads\/cover-activity-rafting-14.jpg 700w, https:\/\/valrafting.fr\/wp\/wp-content\/uploads\/cover-activity-rafting-14-300x193.jpg 300w\" data-sizes=\"(max-width: 700px) 100vw, 700px\" src=\"data:image\/svg+xml;base64,PHN2ZyB3aWR0aD0iMSIgaGVpZ2h0PSIxIiB4bWxucz0iaHR0cDovL3d3dy53My5vcmcvMjAwMC9zdmciPjwvc3ZnPg==\" style=\"--smush-placeholder-width: 700px; --smush-placeholder-aspect-ratio: 700\/450;\" \/><\/div>\t\t\t\n\t<div class=\"activity-text\">\t\t\n\t\t<span class=\"edgtf-section-subtitle edgtf-section-activity\" style=\"text-align:left\"><span><i class=\"fa fa-map-marker\" aria-hidden=\"true\"><\/i>\n<a href=\"https:\/\/valrafting.fr\/en\/lieu\/tarentaise-savoie-en\/\">Tarentaise Savoie<\/a><\/span><span><i class=\"fa fa-ship\"><\/i> <a href=\"https:\/\/valrafting.fr\/en\/riviere\/isere-en\/\">Is\u00e8re<\/a>, <a href=\"https:\/\/valrafting.fr\/en\/riviere\/doron-de-bozel-en\/\">Doron de Bozel<\/a><\/span><br \/><span><i class=\"fa fa-clock-o\" aria-hidden=\"true\"><\/i> 1 Jour\r\n(4h00 on the water)<\/span><\/span>\t\t\t\t\n\t\t<div class=\"edgtf-section-title\" style=\"opacity: 1;\"><a href=\"https:\/\/valrafting.fr\/en\/activite\/full-day-grill-rafting\/\">Full Day + Grill Rafting<\/a><\/div>\t\t\t\n  \t<\/div>\n\t<a class=\"edgtf-linked-item-link\" href=\"https:\/\/valrafting.fr\/en\/activite\/full-day-grill-rafting\/\" target=\"_self\"><\/a>\n<\/div><\/div>\n\t\t\t\n\t\t\t<div class=\"edgtf-linked-boxes edgtf-linked-boxes-col-3\"><div class=\"edgtf-linked-item activity-item\">\n\t<div class=\"edgtf-linked-item-image-holder\"><img decoding=\"async\" width=\"700\" height=\"450\" data-src=\"https:\/\/valrafting.fr\/wp\/wp-content\/uploads\/cover-activity-rafting-12.jpg\" class=\"attachment-freestyle_edge_landscape size-freestyle_edge_landscape wp-post-image lazyload\" alt=\"rafting\" data-srcset=\"https:\/\/valrafting.fr\/wp\/wp-content\/uploads\/cover-activity-rafting-12.jpg 700w, https:\/\/valrafting.fr\/wp\/wp-content\/uploads\/cover-activity-rafting-12-300x193.jpg 300w\" data-sizes=\"(max-width: 700px) 100vw, 700px\" src=\"data:image\/svg+xml;base64,PHN2ZyB3aWR0aD0iMSIgaGVpZ2h0PSIxIiB4bWxucz0iaHR0cDovL3d3dy53My5vcmcvMjAwMC9zdmciPjwvc3ZnPg==\" style=\"--smush-placeholder-width: 700px; --smush-placeholder-aspect-ratio: 700\/450;\" \/><\/div>\t\t\t\n\t<div class=\"activity-text\">\t\t\n\t\t<span class=\"edgtf-section-subtitle edgtf-section-activity\" style=\"text-align:left\"><span><i class=\"fa fa-map-marker\" aria-hidden=\"true\"><\/i>\n<a href=\"https:\/\/valrafting.fr\/en\/lieu\/tarentaise-savoie-en\/\">Tarentaise Savoie<\/a><\/span><span><i class=\"fa fa-ship\"><\/i> <a href=\"https:\/\/valrafting.fr\/en\/riviere\/isere-en\/\">Is\u00e8re<\/a><\/span><br \/><span><i class=\"fa fa-clock-o\" aria-hidden=\"true\"><\/i> 4h00\r\n(2h30 on the water)<\/span><\/span>\t\t\t\t\n\t\t<div class=\"edgtf-section-title\" style=\"opacity: 1;\"><a href=\"https:\/\/valrafting.fr\/en\/activite\/isere-integral-rafting\/\">Is\u00e8re Int\u00e9gral Rafting<\/a><\/div>\t\t\t\n  \t<\/div>\n\t<a class=\"edgtf-linked-item-link\" href=\"https:\/\/valrafting.fr\/en\/activite\/isere-integral-rafting\/\" target=\"_self\"><\/a>\n<\/div><\/div>\n\t\t\t\n\t<\/div><\/div><\/div><\/div>\n\t\n\t\n\t\n<\/div>\n[\/vc_column_text][\/vc_column][\/vc_row][vc_row][vc_column]<div data-edgtf-parallax-speed=\"-0.5\" class=\"vc_row wpb_row vc_row-fluid edgtf-section bluebloc boncadeau nopaddingbottom edgtf-content-aligment-left edgtf-parallax-section-holder edgtf-parallax-section-holder-touch-disabled lazyload\" style=\"background-image:inherit; background-position: 50% 24px;\" data-bg-image=\"url(https:\/\/valrafting.com\/wp\/wp-content\/uploads\/blue-plx-bck-2.jpg)\"><div class=\"clearfix edgtf-full-section-inner\"><div class=\"leftpaddingbloc wpb_column vc_column_container vc_col-sm-6\"><div class=\"vc_column-inner vc_custom_1521566410202\"><div class=\"wpb_wrapper\">\n\t<div class=\"wpb_text_column wpb_content_element \">\n\t\t<div class=\"wpb_wrapper\">\n\t\t\t<h2>Gift vouchers<\/h2>\n\n\t\t<\/div>\n\t<\/div>\n\n<span class=\"edgtf-section-subtitle \" style=\"text-align:left; color:#ffffff\">The ultimate gift for your family, friends. loved one<\/span><div class=\"vc_empty_space\" style=\"height: 24px\"><span class=\"vc_empty_space_inner\"><\/span><\/div>\n\n\t<div class=\"wpb_text_column wpb_content_element \">\n\t\t<div class=\"wpb_wrapper\">\n\t\t\t<p>Our vouchers are valid for a year from the date of purchase. You can make a reservation by phone or e-mail.<\/p>\n<p><a href=\"https:\/\/valrafting.fr\/en\/booking-and-gift-voucher\/\" target=\"_self\"><i class=\"fa fa-chevron-circle-right fa-lg\"><\/i> Buy a voucher<\/a><\/p>\n\n\t\t<\/div>\n\t<\/div>\n<\/div><\/div><\/div><div class=\"wpb_column vc_column_container vc_col-sm-6\"><div class=\"vc_column-inner \"><div class=\"wpb_wrapper\">\n\t<div class=\"wpb_single_image wpb_content_element vc_align_right\">\n\n\t\t<figure class=\"wpb_wrapper vc_figure\">\n\t\t\t<div class=\"vc_single_image-wrapper vc_box_border_grey\"><img decoding=\"async\" data-src=\"https:\/\/valrafting.com\/wp\/wp-content\/uploads\/bon-cadeau.gif\" class=\"vc_single_image-img attachment-full lazyload\" alt=\"\" width=\"1212\" height=\"723\" src=\"data:image\/svg+xml;base64,PHN2ZyB3aWR0aD0iMSIgaGVpZ2h0PSIxIiB4bWxucz0iaHR0cDovL3d3dy53My5vcmcvMjAwMC9zdmciPjwvc3ZnPg==\" style=\"--smush-placeholder-width: 1212px; --smush-placeholder-aspect-ratio: 1212\/723;\"><\/div>\n\t\t<\/figure>\n\t<\/div>\n<\/div><\/div><\/div><\/div><\/div>[\/vc_column][\/vc_row][vc_row content_width=&#8221;grid&#8221; el_class=&#8221;regularpadding isobloc&#8221;][vc_column width=&#8221;3\/4&#8243;][vc_column_text]<\/p>\n<h2>certification ISO 21 101<\/h2>\n<p class=\"mainsubtitle\">VALRAFTING are committed to security in adventure tourism as attested by an international management security certificate.<\/p>\n<p>Organisation and security of activities are the basis for <a href=\"https:\/\/valrafting.fr\/wp\/wp-content\/uploads\/Certificat_ISO_Valrafting_2020.pdf\" target=\"_blank\" rel=\"noopener\">our certification ISO 21 101 in the management of safety<\/a>. Our different locations have been chosen for their quality as well as their accessibility for our clients.[\/vc_column_text][\/vc_column][vc_column width=&#8221;1\/4&#8243;][vc_single_image image=&#8221;264&#8243; img_size=&#8221;full&#8221; alignment=&#8221;right&#8221; onclick=&#8221;custom_link&#8221; img_link_target=&#8221;_blank&#8221; link=&#8221;https:\/\/valrafting.fr\/wp\/wp-content\/uploads\/Certificat_ISO_Valrafting_2020.pdf&#8221;][\/vc_column][\/vc_row]<\/p>\n","protected":false},"excerpt":{"rendered":"<p>[vc_row][vc_column][vc_column_text][\/vc_column_text][\/vc_column][\/vc_row][vc_row][vc_column][\/vc_column][\/vc_row][vc_row content_width=&#8221;grid&#8221; el_class=&#8221;regularpadding isobloc&#8221;][vc_column width=&#8221;3\/4&#8243;][vc_column_text] certification ISO 21 101 VALRAFTING are committed to security in adventure tourism as attested by an international management security certificate. Organisation and security of activities are the basis for our certification ISO 21 101 in the management of safety. Our&#8230;<\/p>\n","protected":false},"author":1,"featured_media":0,"parent":0,"menu_order":3,"comment_status":"closed","ping_status":"closed","template":"full-width.php","meta":{"_monsterinsights_skip_tracking":false,"_monsterinsights_sitenote_active":false,"_monsterinsights_sitenote_note":"","_monsterinsights_sitenote_category":0,"footnotes":""},"yoast_head":"<!-- This site is optimized with the Yoast SEO plugin v22.9 - https:\/\/yoast.com\/wordpress\/plugins\/seo\/ -->\n<title>Rafting | Valrafting.fr<\/title>\n<meta name=\"description\" content=\"Rafting, kayak et canyoning \u00e0 Bourg-Saint-Maurice avec des guides experts. Activit\u00e9s sur mesure en eaux vives pour tous les niveaux. R\u00e9servez votre aventure.\" \/>\n<meta name=\"robots\" content=\"index, follow, max-snippet:-1, max-image-preview:large, max-video-preview:-1\" \/>\n<link rel=\"canonical\" href=\"https:\/\/valrafting.fr\/en\/rafting\/\" \/>\n<meta property=\"og:locale\" content=\"en_US\" \/>\n<meta property=\"og:type\" content=\"article\" \/>\n<meta property=\"og:title\" content=\"Rafting | Valrafting.fr\" \/>\n<meta property=\"og:description\" content=\"Rafting, kayak et canyoning \u00e0 Bourg-Saint-Maurice avec des guides experts. Activit\u00e9s sur mesure en eaux vives pour tous les niveaux. R\u00e9servez votre aventure.\" \/>\n<meta property=\"og:url\" content=\"https:\/\/valrafting.fr\/en\/rafting\/\" \/>\n<meta property=\"og:site_name\" content=\"Valrafting.fr\" \/>\n<meta property=\"article:publisher\" content=\"https:\/\/www.facebook.com\/Valrafting-129739627083911\/\" \/>\n<meta property=\"article:modified_time\" content=\"2024-04-12T08:20:09+00:00\" \/>\n<meta property=\"og:image\" content=\"https:\/\/valrafting.fr\/wp\/wp-content\/uploads\/vr-logo.jpg\" \/>\n\t<meta property=\"og:image:width\" content=\"500\" \/>\n\t<meta property=\"og:image:height\" content=\"302\" \/>\n\t<meta property=\"og:image:type\" content=\"image\/jpeg\" \/>\n<meta name=\"twitter:card\" content=\"summary_large_image\" \/>\n<script type=\"application\/ld+json\" class=\"yoast-schema-graph\">{\"@context\":\"https:\/\/schema.org\",\"@graph\":[{\"@type\":\"WebPage\",\"@id\":\"https:\/\/valrafting.fr\/en\/rafting\/\",\"url\":\"https:\/\/valrafting.fr\/en\/rafting\/\",\"name\":\"Rafting | Valrafting.fr\",\"isPartOf\":{\"@id\":\"https:\/\/valrafting.fr\/#website\"},\"datePublished\":\"2018-03-20T06:46:54+00:00\",\"dateModified\":\"2024-04-12T08:20:09+00:00\",\"description\":\"Rafting, kayak et canyoning \u00e0 Bourg-Saint-Maurice avec des guides experts. Activit\u00e9s sur mesure en eaux vives pour tous les niveaux. R\u00e9servez votre aventure.\",\"breadcrumb\":{\"@id\":\"https:\/\/valrafting.fr\/en\/rafting\/#breadcrumb\"},\"inLanguage\":\"en-US\",\"potentialAction\":[{\"@type\":\"ReadAction\",\"target\":[\"https:\/\/valrafting.fr\/en\/rafting\/\"]}]},{\"@type\":\"BreadcrumbList\",\"@id\":\"https:\/\/valrafting.fr\/en\/rafting\/#breadcrumb\",\"itemListElement\":[{\"@type\":\"ListItem\",\"position\":1,\"name\":\"Accueil\",\"item\":\"https:\/\/valrafting.fr\/en\/\"},{\"@type\":\"ListItem\",\"position\":2,\"name\":\"Rafting\"}]},{\"@type\":\"WebSite\",\"@id\":\"https:\/\/valrafting.fr\/#website\",\"url\":\"https:\/\/valrafting.fr\/\",\"name\":\"Valrafting.fr\",\"description\":\"Votre sp\u00e9cialiste en tourisme d\u2019aventures \u00e0 Aime la Plagne et Chamonix. Nous proposons du rafting rafting, du canyoning et de l&#039;hydrospeed. Le rafting annecy, proche du lac vous permet avec nos deux bases de pratiquer le rafting Is\u00e8re ou rafting Arve\",\"publisher\":{\"@id\":\"https:\/\/valrafting.fr\/#organization\"},\"potentialAction\":[{\"@type\":\"SearchAction\",\"target\":{\"@type\":\"EntryPoint\",\"urlTemplate\":\"https:\/\/valrafting.fr\/?s={search_term_string}\"},\"query-input\":\"required name=search_term_string\"}],\"inLanguage\":\"en-US\"},{\"@type\":\"Organization\",\"@id\":\"https:\/\/valrafting.fr\/#organization\",\"name\":\"Valrafting\",\"url\":\"https:\/\/valrafting.fr\/\",\"logo\":{\"@type\":\"ImageObject\",\"inLanguage\":\"en-US\",\"@id\":\"https:\/\/valrafting.fr\/#\/schema\/logo\/image\/\",\"url\":\"https:\/\/valrafting.fr\/wp\/wp-content\/uploads\/vr-logo.jpg\",\"contentUrl\":\"https:\/\/valrafting.fr\/wp\/wp-content\/uploads\/vr-logo.jpg\",\"width\":500,\"height\":302,\"caption\":\"Valrafting\"},\"image\":{\"@id\":\"https:\/\/valrafting.fr\/#\/schema\/logo\/image\/\"},\"sameAs\":[\"https:\/\/www.facebook.com\/Valrafting-129739627083911\/\"]}]}<\/script>\n<!-- \/ Yoast SEO plugin. -->","yoast_head_json":{"title":"Rafting | Valrafting.fr","description":"Rafting, kayak et canyoning \u00e0 Bourg-Saint-Maurice avec des guides experts. Activit\u00e9s sur mesure en eaux vives pour tous les niveaux. R\u00e9servez votre aventure.","robots":{"index":"index","follow":"follow","max-snippet":"max-snippet:-1","max-image-preview":"max-image-preview:large","max-video-preview":"max-video-preview:-1"},"canonical":"https:\/\/valrafting.fr\/en\/rafting\/","og_locale":"en_US","og_type":"article","og_title":"Rafting | Valrafting.fr","og_description":"Rafting, kayak et canyoning \u00e0 Bourg-Saint-Maurice avec des guides experts. Activit\u00e9s sur mesure en eaux vives pour tous les niveaux. R\u00e9servez votre aventure.","og_url":"https:\/\/valrafting.fr\/en\/rafting\/","og_site_name":"Valrafting.fr","article_publisher":"https:\/\/www.facebook.com\/Valrafting-129739627083911\/","article_modified_time":"2024-04-12T08:20:09+00:00","og_image":[{"width":500,"height":302,"url":"https:\/\/valrafting.fr\/wp\/wp-content\/uploads\/vr-logo.jpg","type":"image\/jpeg"}],"twitter_card":"summary_large_image","schema":{"@context":"https:\/\/schema.org","@graph":[{"@type":"WebPage","@id":"https:\/\/valrafting.fr\/en\/rafting\/","url":"https:\/\/valrafting.fr\/en\/rafting\/","name":"Rafting | Valrafting.fr","isPartOf":{"@id":"https:\/\/valrafting.fr\/#website"},"datePublished":"2018-03-20T06:46:54+00:00","dateModified":"2024-04-12T08:20:09+00:00","description":"Rafting, kayak et canyoning \u00e0 Bourg-Saint-Maurice avec des guides experts. Activit\u00e9s sur mesure en eaux vives pour tous les niveaux. R\u00e9servez votre aventure.","breadcrumb":{"@id":"https:\/\/valrafting.fr\/en\/rafting\/#breadcrumb"},"inLanguage":"en-US","potentialAction":[{"@type":"ReadAction","target":["https:\/\/valrafting.fr\/en\/rafting\/"]}]},{"@type":"BreadcrumbList","@id":"https:\/\/valrafting.fr\/en\/rafting\/#breadcrumb","itemListElement":[{"@type":"ListItem","position":1,"name":"Accueil","item":"https:\/\/valrafting.fr\/en\/"},{"@type":"ListItem","position":2,"name":"Rafting"}]},{"@type":"WebSite","@id":"https:\/\/valrafting.fr\/#website","url":"https:\/\/valrafting.fr\/","name":"Valrafting.fr","description":"Votre sp\u00e9cialiste en tourisme d\u2019aventures \u00e0 Aime la Plagne et Chamonix. Nous proposons du rafting rafting, du canyoning et de l&#039;hydrospeed. Le rafting annecy, proche du lac vous permet avec nos deux bases de pratiquer le rafting Is\u00e8re ou rafting Arve","publisher":{"@id":"https:\/\/valrafting.fr\/#organization"},"potentialAction":[{"@type":"SearchAction","target":{"@type":"EntryPoint","urlTemplate":"https:\/\/valrafting.fr\/?s={search_term_string}"},"query-input":"required name=search_term_string"}],"inLanguage":"en-US"},{"@type":"Organization","@id":"https:\/\/valrafting.fr\/#organization","name":"Valrafting","url":"https:\/\/valrafting.fr\/","logo":{"@type":"ImageObject","inLanguage":"en-US","@id":"https:\/\/valrafting.fr\/#\/schema\/logo\/image\/","url":"https:\/\/valrafting.fr\/wp\/wp-content\/uploads\/vr-logo.jpg","contentUrl":"https:\/\/valrafting.fr\/wp\/wp-content\/uploads\/vr-logo.jpg","width":500,"height":302,"caption":"Valrafting"},"image":{"@id":"https:\/\/valrafting.fr\/#\/schema\/logo\/image\/"},"sameAs":["https:\/\/www.facebook.com\/Valrafting-129739627083911\/"]}]}},"_links":{"self":[{"href":"https:\/\/valrafting.fr\/en\/wp-json\/wp\/v2\/pages\/123"}],"collection":[{"href":"https:\/\/valrafting.fr\/en\/wp-json\/wp\/v2\/pages"}],"about":[{"href":"https:\/\/valrafting.fr\/en\/wp-json\/wp\/v2\/types\/page"}],"author":[{"embeddable":true,"href":"https:\/\/valrafting.fr\/en\/wp-json\/wp\/v2\/users\/1"}],"replies":[{"embeddable":true,"href":"https:\/\/valrafting.fr\/en\/wp-json\/wp\/v2\/comments?post=123"}],"version-history":[{"count":4,"href":"https:\/\/valrafting.fr\/en\/wp-json\/wp\/v2\/pages\/123\/revisions"}],"predecessor-version":[{"id":5229,"href":"https:\/\/valrafting.fr\/en\/wp-json\/wp\/v2\/pages\/123\/revisions\/5229"}],"wp:attachment":[{"href":"https:\/\/valrafting.fr\/en\/wp-json\/wp\/v2\/media?parent=123"}],"curies":[{"name":"wp","href":"https:\/\/api.w.org\/{rel}","templated":true}]}}